{"id":29546,"date":"2026-01-27T02:05:25","date_gmt":"2026-01-27T02:05:25","guid":{"rendered":"https:\/\/paenparaguay.com.py\/index\/index.php\/producto\/caja-carton-oregano\/"},"modified":"2026-01-27T06:36:54","modified_gmt":"2026-01-27T06:36:54","slug":"caja-carton-oregano","status":"publish","type":"product","link":"https:\/\/paenparaguay.com.py\/index\/index.php\/producto\/caja-carton-oregano\/","title":{"rendered":"CAJA CART\u00d3N OR\u00c9GANO"},"content":{"rendered":"<p>CAJAS DE CART\u00d3N<\/p>\n<p>UNIDAD DE MEDIDA: 12<\/p>\n","protected":false},"excerpt":{"rendered":"<p>CAJAS DE CART\u00d3N UNIDAD DE MEDIDA: 12<\/p>\n","protected":false},"featured_media":29939,"comment_status":"closed","ping_status":"closed","template":"","meta":[],"product_brand":[312],"product_cat":[256],"product_tag":[],"class_list":{"0":"post-29546","1":"product","2":"type-product","3":"status-publish","4":"has-post-thumbnail","6":"product_brand-la-barraca","7":"product_cat-especias-y-condimentos","9":"first","10":"instock","11":"product-type-simple"},"_links":{"self":[{"href":"https:\/\/paenparaguay.com.py\/index\/index.php\/wp-json\/wp\/v2\/product\/29546","targetHints":{"allow":["GET"]}}],"collection":[{"href":"https:\/\/paenparaguay.com.py\/index\/index.php\/wp-json\/wp\/v2\/product"}],"about":[{"href":"https:\/\/paenparaguay.com.py\/index\/index.php\/wp-json\/wp\/v2\/types\/product"}],"replies":[{"embeddable":true,"href":"https:\/\/paenparaguay.com.py\/index\/index.php\/wp-json\/wp\/v2\/comments?post=29546"}],"version-history":[{"count":2,"href":"https:\/\/paenparaguay.com.py\/index\/index.php\/wp-json\/wp\/v2\/product\/29546\/revisions"}],"predecessor-version":[{"id":29940,"href":"https:\/\/paenparaguay.com.py\/index\/index.php\/wp-json\/wp\/v2\/product\/29546\/revisions\/29940"}],"wp:featuredmedia":[{"embeddable":true,"href":"https:\/\/paenparaguay.com.py\/index\/index.php\/wp-json\/wp\/v2\/media\/29939"}],"wp:attachment":[{"href":"https:\/\/paenparaguay.com.py\/index\/index.php\/wp-json\/wp\/v2\/media?parent=29546"}],"wp:term":[{"taxonomy":"product_brand","embeddable":true,"href":"https:\/\/paenparaguay.com.py\/index\/index.php\/wp-json\/wp\/v2\/product_brand?post=29546"},{"taxonomy":"product_cat","embeddable":true,"href":"https:\/\/paenparaguay.com.py\/index\/index.php\/wp-json\/wp\/v2\/product_cat?post=29546"},{"taxonomy":"product_tag","embeddable":true,"href":"https:\/\/paenparaguay.com.py\/index\/index.php\/wp-json\/wp\/v2\/product_tag?post=29546"}],"curies":[{"name":"wp","href":"https:\/\/api.w.org\/{rel}","templated":true}]}}