{"id":29576,"date":"2026-01-27T02:05:28","date_gmt":"2026-01-27T02:05:28","guid":{"rendered":"https:\/\/paenparaguay.com.py\/index\/index.php\/producto\/anis-molido\/"},"modified":"2026-01-27T07:42:01","modified_gmt":"2026-01-27T07:42:01","slug":"anis-molido","status":"publish","type":"product","link":"https:\/\/paenparaguay.com.py\/index\/index.php\/producto\/anis-molido\/","title":{"rendered":"AN\u00cdS MOLIDO"},"content":{"rendered":"<p>TARRO PL\u00c1STICO &#8211; ALIMENTACI\u00d3N<\/p>\n<p>UNIDAD DE MEDIDA: 24<\/p>\n","protected":false},"excerpt":{"rendered":"<p>TARRO PL\u00c1STICO &#8211; ALIMENTACI\u00d3N UNIDAD DE MEDIDA: 24<\/p>\n","protected":false},"featured_media":29990,"comment_status":"closed","ping_status":"closed","template":"","meta":[],"product_brand":[312],"product_cat":[256],"product_tag":[],"class_list":{"0":"post-29576","1":"product","2":"type-product","3":"status-publish","4":"has-post-thumbnail","6":"product_brand-la-barraca","7":"product_cat-especias-y-condimentos","9":"first","10":"instock","11":"product-type-simple"},"_links":{"self":[{"href":"https:\/\/paenparaguay.com.py\/index\/index.php\/wp-json\/wp\/v2\/product\/29576","targetHints":{"allow":["GET"]}}],"collection":[{"href":"https:\/\/paenparaguay.com.py\/index\/index.php\/wp-json\/wp\/v2\/product"}],"about":[{"href":"https:\/\/paenparaguay.com.py\/index\/index.php\/wp-json\/wp\/v2\/types\/product"}],"replies":[{"embeddable":true,"href":"https:\/\/paenparaguay.com.py\/index\/index.php\/wp-json\/wp\/v2\/comments?post=29576"}],"version-history":[{"count":3,"href":"https:\/\/paenparaguay.com.py\/index\/index.php\/wp-json\/wp\/v2\/product\/29576\/revisions"}],"predecessor-version":[{"id":29992,"href":"https:\/\/paenparaguay.com.py\/index\/index.php\/wp-json\/wp\/v2\/product\/29576\/revisions\/29992"}],"wp:featuredmedia":[{"embeddable":true,"href":"https:\/\/paenparaguay.com.py\/index\/index.php\/wp-json\/wp\/v2\/media\/29990"}],"wp:attachment":[{"href":"https:\/\/paenparaguay.com.py\/index\/index.php\/wp-json\/wp\/v2\/media?parent=29576"}],"wp:term":[{"taxonomy":"product_brand","embeddable":true,"href":"https:\/\/paenparaguay.com.py\/index\/index.php\/wp-json\/wp\/v2\/product_brand?post=29576"},{"taxonomy":"product_cat","embeddable":true,"href":"https:\/\/paenparaguay.com.py\/index\/index.php\/wp-json\/wp\/v2\/product_cat?post=29576"},{"taxonomy":"product_tag","embeddable":true,"href":"https:\/\/paenparaguay.com.py\/index\/index.php\/wp-json\/wp\/v2\/product_tag?post=29576"}],"curies":[{"name":"wp","href":"https:\/\/api.w.org\/{rel}","templated":true}]}}