{"id":29750,"date":"2026-01-27T02:05:39","date_gmt":"2026-01-27T02:05:39","guid":{"rendered":"https:\/\/paenparaguay.com.py\/index\/index.php\/producto\/pimenton-picante-3\/"},"modified":"2026-01-27T19:28:56","modified_gmt":"2026-01-27T19:28:56","slug":"pimenton-picante-3","status":"publish","type":"product","link":"https:\/\/paenparaguay.com.py\/index\/index.php\/producto\/pimenton-picante-3\/","title":{"rendered":"PIMENT\u00d3N PICANTE"},"content":{"rendered":"<p>BOTES PL\u00c1STICO MINI &#8211; ALIMENTACI\u00d3N<\/p>\n<p>UNIDAD DE MEDIDA: 180<\/p>\n","protected":false},"excerpt":{"rendered":"<p>BOTES PL\u00c1STICO MINI &#8211; ALIMENTACI\u00d3N UNIDAD DE MEDIDA: 180<\/p>\n","protected":false},"featured_media":30183,"comment_status":"closed","ping_status":"closed","template":"","meta":[],"product_brand":[312],"product_cat":[273],"product_tag":[],"class_list":{"0":"post-29750","1":"product","2":"type-product","3":"status-publish","4":"has-post-thumbnail","6":"product_brand-la-barraca","7":"product_cat-pimenton","9":"first","10":"instock","11":"product-type-simple"},"_links":{"self":[{"href":"https:\/\/paenparaguay.com.py\/index\/index.php\/wp-json\/wp\/v2\/product\/29750","targetHints":{"allow":["GET"]}}],"collection":[{"href":"https:\/\/paenparaguay.com.py\/index\/index.php\/wp-json\/wp\/v2\/product"}],"about":[{"href":"https:\/\/paenparaguay.com.py\/index\/index.php\/wp-json\/wp\/v2\/types\/product"}],"replies":[{"embeddable":true,"href":"https:\/\/paenparaguay.com.py\/index\/index.php\/wp-json\/wp\/v2\/comments?post=29750"}],"version-history":[{"count":2,"href":"https:\/\/paenparaguay.com.py\/index\/index.php\/wp-json\/wp\/v2\/product\/29750\/revisions"}],"predecessor-version":[{"id":30184,"href":"https:\/\/paenparaguay.com.py\/index\/index.php\/wp-json\/wp\/v2\/product\/29750\/revisions\/30184"}],"wp:featuredmedia":[{"embeddable":true,"href":"https:\/\/paenparaguay.com.py\/index\/index.php\/wp-json\/wp\/v2\/media\/30183"}],"wp:attachment":[{"href":"https:\/\/paenparaguay.com.py\/index\/index.php\/wp-json\/wp\/v2\/media?parent=29750"}],"wp:term":[{"taxonomy":"product_brand","embeddable":true,"href":"https:\/\/paenparaguay.com.py\/index\/index.php\/wp-json\/wp\/v2\/product_brand?post=29750"},{"taxonomy":"product_cat","embeddable":true,"href":"https:\/\/paenparaguay.com.py\/index\/index.php\/wp-json\/wp\/v2\/product_cat?post=29750"},{"taxonomy":"product_tag","embeddable":true,"href":"https:\/\/paenparaguay.com.py\/index\/index.php\/wp-json\/wp\/v2\/product_tag?post=29750"}],"curies":[{"name":"wp","href":"https:\/\/api.w.org\/{rel}","templated":true}]}}