{"id":29830,"date":"2026-01-27T02:05:50","date_gmt":"2026-01-27T02:05:50","guid":{"rendered":"https:\/\/paenparaguay.com.py\/index\/index.php\/producto\/caja-10-piramites-te-negro-pakistani\/"},"modified":"2026-01-27T03:47:03","modified_gmt":"2026-01-27T03:47:03","slug":"caja-10-piramites-te-negro-pakistani","status":"publish","type":"product","link":"https:\/\/paenparaguay.com.py\/index\/index.php\/producto\/caja-10-piramites-te-negro-pakistani\/","title":{"rendered":"CAJA 10 PIRAMIT\u00c9S T\u00c9 NEGRO PAKISTAN\u00cd"},"content":{"rendered":"<p>INFUSIONES<\/p>\n<p>CAJA 10 PIRAMIT\u00c9S CON FUNDA &#8211; SABORES<\/p>\n<p>UNIDAD DE MEDIDA: 20<\/p>\n","protected":false},"excerpt":{"rendered":"<p>INFUSIONES CAJA 10 PIRAMIT\u00c9S CON FUNDA &#8211; SABORES UNIDAD DE MEDIDA: 20<\/p>\n","protected":false},"featured_media":29852,"comment_status":"closed","ping_status":"closed","template":"","meta":[],"product_brand":[312],"product_cat":[311],"product_tag":[],"class_list":{"0":"post-29830","1":"product","2":"type-product","3":"status-publish","4":"has-post-thumbnail","6":"product_brand-la-barraca","7":"product_cat-infusiones-gourmet","9":"first","10":"instock","11":"product-type-simple"},"_links":{"self":[{"href":"https:\/\/paenparaguay.com.py\/index\/index.php\/wp-json\/wp\/v2\/product\/29830","targetHints":{"allow":["GET"]}}],"collection":[{"href":"https:\/\/paenparaguay.com.py\/index\/index.php\/wp-json\/wp\/v2\/product"}],"about":[{"href":"https:\/\/paenparaguay.com.py\/index\/index.php\/wp-json\/wp\/v2\/types\/product"}],"replies":[{"embeddable":true,"href":"https:\/\/paenparaguay.com.py\/index\/index.php\/wp-json\/wp\/v2\/comments?post=29830"}],"version-history":[{"count":3,"href":"https:\/\/paenparaguay.com.py\/index\/index.php\/wp-json\/wp\/v2\/product\/29830\/revisions"}],"predecessor-version":[{"id":29853,"href":"https:\/\/paenparaguay.com.py\/index\/index.php\/wp-json\/wp\/v2\/product\/29830\/revisions\/29853"}],"wp:featuredmedia":[{"embeddable":true,"href":"https:\/\/paenparaguay.com.py\/index\/index.php\/wp-json\/wp\/v2\/media\/29852"}],"wp:attachment":[{"href":"https:\/\/paenparaguay.com.py\/index\/index.php\/wp-json\/wp\/v2\/media?parent=29830"}],"wp:term":[{"taxonomy":"product_brand","embeddable":true,"href":"https:\/\/paenparaguay.com.py\/index\/index.php\/wp-json\/wp\/v2\/product_brand?post=29830"},{"taxonomy":"product_cat","embeddable":true,"href":"https:\/\/paenparaguay.com.py\/index\/index.php\/wp-json\/wp\/v2\/product_cat?post=29830"},{"taxonomy":"product_tag","embeddable":true,"href":"https:\/\/paenparaguay.com.py\/index\/index.php\/wp-json\/wp\/v2\/product_tag?post=29830"}],"curies":[{"name":"wp","href":"https:\/\/api.w.org\/{rel}","templated":true}]}}